{"id":4437,"date":"2018-12-12T14:14:12","date_gmt":"2018-12-12T14:14:12","guid":{"rendered":"http:\/\/fazendamonasterio.com.br\/index.php\/about-us\/"},"modified":"2023-08-11T19:42:44","modified_gmt":"2023-08-11T19:42:44","slug":"fazenda-monasterio","status":"publish","type":"page","link":"https:\/\/fazendamonasterio.com.br\/index.php\/fazenda-monasterio\/","title":{"rendered":"Fazenda Monast\u00e9rio"},"content":{"rendered":"<body>[vc_row css=\u201d.vc_custom_1559134125722{padding-top: 10px !important;padding-bottom: 100px !important;}\u201d][vc_column width=\u201d5\/12\u2033 css=\u201d.vc_custom_1558959371819{padding-right: 40px !important;}\u201d]<div class=\"cws_spacing\"><div class=\"cws_spacing cws_spacing_default\" style=\"height:30px;\"><\/div><\/div><div id='cws_service_item_69fc7e565a6df' class='cws_service_item cws_vc_shortcode_module title_under a-left  vc_custom_1691782959720'><div class='cws_service_item_wrapper clearfix'><span class='cws_searvice_icon_wrapper cws_searvice_side'><i class='cws_service_icon cws_vc_shortcode_icon_3\u0445 flaticon-quality'><\/i><\/span><div class='cws_service_info'><h6 class='cws_service_title'>Fazenda<br>\nMonast\u00e9rio<\/h6><div class='cws_service_desc clearfix'><body><p>Localizada no munic\u00edpio de Paraibuna, a Fazenda Monast\u00e9rio disp\u00f5e da capacidade de suportar atividades pecu\u00e1rias em seu territ\u00f3rio. A produ\u00e7\u00e3o de leite baseada nos principios da pecu\u00e1ria de precis\u00e3o traz destaque para a opera\u00e7\u00e3o da Fazenda.<br>\nPecu\u00e1ria de precis\u00e3o compreende o manejo cuidadoso das pastagens, de forma que produzam preponderantemente o alimento quais as vacas precisam para produzir e procriar.<\/p>\n<\/body><\/div><\/div><\/div><\/div><div class=\"cws_spacing\"><div class=\"cws_spacing cws_spacing_default\" style=\"height:10px;\"><\/div><\/div><div class='sc_button_wrapper align-left mobile-align-center'><div id='cws_vc_shortcode_button_69fc7e565a79f' class='cws_custom_button_wrapper cws_sc_button regular default'><span><a href='http:\/\/fazendamonasterio.com.br\/index.php\/entre-em-contato\/' class='cws_custom_button'>ENTRE EM CONTATO<span><\/span><i class='flaticon-arrow-pointing-to-right ml-10'><\/i><\/a><\/span><\/div><\/div>[\/vc_column][vc_column width=\u201d7\/12\u2033]<div class=\"cws_spacing\"><div class=\"cws_spacing cws_spacing_default\" style=\"height:60px;\"><\/div><\/div><div class=\"cws_spacing\"><div class=\"cws_spacing cws_spacing_default\" style=\"height:60px;\"><\/div><\/div>[vc_single_image image=\u201d6757\u2033 img_size=\u201dfull\u201d css=\u201d.vc_custom_1644588068092{border-radius: 30px !important;}\u201d][\/vc_column][\/vc_row][vc_row full_width=\u201dstretch_row\u201d disable_element=\u201dyes\u201d bg_cws_repeat=\u201dno-repeat\u201d bg_cws_size=\u201dcover\u201d bg_image_position=\u201dcenter_center\u201d crop=\u201d1\u2033 crop_style=\u201dstyle_2\u2033 css=\u201d.vc_custom_1668009105751{background-image: url(http:\/\/fazendamonasterio.com.br\/wp-content\/uploads\/2022\/02\/bg_740.png?id=6762) !important;}\u201d][vc_column]<div class=\"cws_spacing cws_spacing_size_sm_desctop-on cws_spacing_tablet-on cws_spacing_mobile-on\"><div class=\"cws_spacing cws_spacing_default\" style=\"height:100px;\"><\/div> <div class=\"cws_spacing cws_spacing_size_sm_desctop\" style=\"height:100px;\"><\/div> <div class=\"cws_spacing cws_spacing_tablet\" style=\"height:50px;\"><\/div> <div class=\"cws_spacing cws_spacing_mobile\" style=\"height:50px;\"><\/div><\/div>[vc_row_inner][vc_column_inner width=\u201d1\/3\u2033 css=\u201d.vc_custom_1559109188836{padding-right: 50px !important;}\u201d]<div class='cws_textmodule cws_vc_shortcode_module' id='cws_textmodule_69fc7e565a8ed'><div class='cws_textmodule_wrapper icon_pos_above'><div class='cws_textmodule_text text_align_right'><div class='cws_textmodule_titles'><div class='cws_textmodule_aside'><h2 class='cws_textmodule_title'><span>Organic Food Product<\/span><\/h2><\/div><\/div><div class='cws_textmodule_content'><div class='text_content_wrapper'><body><p>Lorem ipsum dolor amet consectetur adipisicing elit, sed do eiusmtempor<\/p>\n<\/body><\/div><\/div><\/div><\/div><\/div><div class=\"cws_spacing\"><div class=\"cws_spacing cws_spacing_default\" style=\"height:70px;\"><\/div><\/div><div class='cws_textmodule cws_vc_shortcode_module' id='cws_textmodule_69fc7e565aa08'><div class='cws_textmodule_wrapper icon_pos_above'><div class='cws_textmodule_text text_align_right'><div class='cws_textmodule_titles'><div class='cws_textmodule_aside'><h2 class='cws_textmodule_title'><span>Famous Family Winery<\/span><\/h2><\/div><\/div><div class='cws_textmodule_content'><div class='text_content_wrapper'><body><p>Lorem ipsum dolor amet consectetur adipisicing elit, sed do eiusmtempor<\/p>\n<\/body><\/div><\/div><\/div><\/div><\/div><div class=\"cws_spacing\"><div class=\"cws_spacing cws_spacing_default\" style=\"height:70px;\"><\/div><\/div><div class='cws_textmodule cws_vc_shortcode_module' id='cws_textmodule_69fc7e565ab6f'><div class='cws_textmodule_wrapper icon_pos_above'><div class='cws_textmodule_text text_align_right'><div class='cws_textmodule_titles'><div class='cws_textmodule_aside'><h2 class='cws_textmodule_title'><span>Hard Work &amp; Best Quality<\/span><\/h2><\/div><\/div><div class='cws_textmodule_content'><div class='text_content_wrapper'><body><p>Lorem ipsum dolor amet consectetur adipisicing elit, sed do eiusmtempor<\/p>\n<\/body><\/div><\/div><\/div><\/div><\/div>[\/vc_column_inner][vc_column_inner width=\u201d1\/3\u2033][vc_single_image image=\u201d6436\u2033 img_size=\u201dfull\u201d][\/vc_column_inner][vc_column_inner width=\u201d1\/3\u2033 css=\u201d.vc_custom_1559109194740{padding-left: 50px !important;}\u201d]<div class='cws_textmodule cws_vc_shortcode_module' id='cws_textmodule_69fc7e565acfb'><div class='cws_textmodule_wrapper icon_pos_above'><div class='cws_textmodule_text text_align_left'><div class='cws_textmodule_titles'><div class='cws_textmodule_aside'><h2 class='cws_textmodule_title'><span>Natural Ingredients<\/span><\/h2><\/div><\/div><div class='cws_textmodule_content'><div class='text_content_wrapper'><body><p>Lorem ipsum dolor amet consectetur adipisicing elit, sed do eiusmtempor<\/p>\n<\/body><\/div><\/div><\/div><\/div><\/div><div class=\"cws_spacing\"><div class=\"cws_spacing cws_spacing_default\" style=\"height:70px;\"><\/div><\/div><div class='cws_textmodule cws_vc_shortcode_module' id='cws_textmodule_69fc7e565ae6e'><div class='cws_textmodule_wrapper icon_pos_above'><div class='cws_textmodule_text text_align_left'><div class='cws_textmodule_titles'><div class='cws_textmodule_aside'><h2 class='cws_textmodule_title'><span>Horse Riding<\/span><\/h2><\/div><\/div><div class='cws_textmodule_content'><div class='text_content_wrapper'><body><p>Lorem ipsum dolor amet consectetur adipisicing elit, sed do eiusmtempor<\/p>\n<\/body><\/div><\/div><\/div><\/div><\/div><div class=\"cws_spacing\"><div class=\"cws_spacing cws_spacing_default\" style=\"height:70px;\"><\/div><\/div><div class='cws_textmodule cws_vc_shortcode_module' id='cws_textmodule_69fc7e565afce'><div class='cws_textmodule_wrapper icon_pos_above'><div class='cws_textmodule_text text_align_left'><div class='cws_textmodule_titles'><div class='cws_textmodule_aside'><h2 class='cws_textmodule_title'><span>Organic Food Market<\/span><\/h2><\/div><\/div><div class='cws_textmodule_content'><div class='text_content_wrapper'><body><p>Lorem ipsum dolor amet consectetur adipisicing elit, sed do eiusmtempor<\/p>\n<\/body><\/div><\/div><\/div><\/div><\/div>[\/vc_column_inner][\/vc_row_inner]<div class=\"cws_spacing cws_spacing_size_sm_desctop-on cws_spacing_tablet-on cws_spacing_mobile-on\"><div class=\"cws_spacing cws_spacing_default\" style=\"height:150px;\"><\/div> <div class=\"cws_spacing cws_spacing_size_sm_desctop\" style=\"height:150px;\"><\/div> <div class=\"cws_spacing cws_spacing_tablet\" style=\"height:100px;\"><\/div> <div class=\"cws_spacing cws_spacing_mobile\" style=\"height:50px;\"><\/div><\/div>[\/vc_column][\/vc_row][vc_row full_width=\u201dstretch_row\u201d disable_element=\u201dyes\u201d bg_cws_repeat=\u201dno-repeat\u201d bg_cws_size=\u201dcover\u201d bg_image_position=\u201dcenter_center\u201d crop=\u201d1\u2033 crop_style=\u201dstyle_5\u2033 css=\u201d.vc_custom_1668009121513{margin-top: -90px !important;background: #7d9f3a url(http:\/\/fazendamonasterio.com.br\/wp-content\/uploads\/2022\/02\/bg_350.jpg?id=6764) !important;}\u201d][vc_column]<div class=\"cws_spacing cws_spacing_size_sm_desctop-on cws_spacing_tablet-on cws_spacing_mobile-on\"><div class=\"cws_spacing cws_spacing_default\" style=\"height:50px;\"><\/div> <div class=\"cws_spacing cws_spacing_size_sm_desctop\" style=\"height:50px;\"><\/div> <div class=\"cws_spacing cws_spacing_tablet\" style=\"height:50px;\"><\/div> <div class=\"cws_spacing cws_spacing_mobile\" style=\"height:50px;\"><\/div><\/div>[vc_row_inner][vc_column_inner width=\u201d1\/3\u2033]<div id='cws_service_item_69fc7e565b14f' class='cws_service_item cws_vc_shortcode_module title_under a-center  vc_custom_1558961291334'><div class='cws_service_item_wrapper clearfix'><span class='cws_searvice_icon_wrapper cws_searvice_side'><i class='cws_service_icon cws_vc_shortcode_icon_3\u0445 flaticon-farm'><\/i><\/span><div class='cws_service_info'><h6 class='cws_service_title'>Ready To Use Soil<\/h6><div class='cws_service_desc clearfix'><body><p>Lorem ipsum dolor sit amet, consectetur adipiscing elit, sed do<\/p>\n<\/body><\/div><\/div><\/div><\/div>[\/vc_column_inner][vc_column_inner width=\u201d1\/3\u2033]<div id='cws_service_item_69fc7e565b290' class='cws_service_item cws_vc_shortcode_module title_under a-center  vc_custom_1558961418227'><div class='cws_service_item_wrapper clearfix'><span class='cws_searvice_icon_wrapper cws_searvice_side'><i class='cws_service_icon cws_vc_shortcode_icon_3\u0445 flaticon-milk-bottle'><\/i><\/span><div class='cws_service_info'><h6 class='cws_service_title'>Planting Trees<\/h6><div class='cws_service_desc clearfix'><body><p>Lorem ipsum dolor sit amet, consectetur adipiscing elit, sed do<\/p>\n<\/body><\/div><\/div><\/div><\/div>[\/vc_column_inner][vc_column_inner width=\u201d1\/3\u2033]<div id='cws_service_item_69fc7e565b424' class='cws_service_item cws_vc_shortcode_module title_under a-center  vc_custom_1558961435218'><div class='cws_service_item_wrapper clearfix'><span class='cws_searvice_icon_wrapper cws_searvice_side'><i class='cws_service_icon cws_vc_shortcode_icon_3\u0445 flaticon-cow'><\/i><\/span><div class='cws_service_info'><h6 class='cws_service_title'>Get Ready For Eat<\/h6><div class='cws_service_desc clearfix'><body><p>Lorem ipsum dolor sit amet, consectetur adipiscing elit, sed do<\/p>\n<\/body><\/div><\/div><\/div><\/div>[\/vc_column_inner][\/vc_row_inner]<div class=\"cws_spacing cws_spacing_size_sm_desctop-on cws_spacing_tablet-on cws_spacing_mobile-on\"><div class=\"cws_spacing cws_spacing_default\" style=\"height:60px;\"><\/div> <div class=\"cws_spacing cws_spacing_size_sm_desctop\" style=\"height:60px;\"><\/div> <div class=\"cws_spacing cws_spacing_tablet\" style=\"height:50px;\"><\/div> <div class=\"cws_spacing cws_spacing_mobile\" style=\"height:50px;\"><\/div><\/div>[\/vc_column][\/vc_row]\n<\/body>","protected":false},"excerpt":{"rendered":"<p>[vc_row css=\u201d.vc_custom_1559134125722{padding-top: 10px !important;padding-bottom: 100px !important;}\u201d][vc_column width=\u201d5\/12\u2033 css=\u201d.vc_custom_1558959371819{padding-right: 40px !important;}\u201d][\/vc_column][vc_column width=\u201d7\/12\u2033][vc_single_image image=\u201d6757\u2033 img_size=\u201dfull\u201d css=\u201d.vc_custom_1644588068092{border-radius: 30px !important;}\u201d][\/vc_column][\/vc_row][vc_row full_width=\u201dstretch_row\u201d disable_element=\u201dyes\u201d bg_cws_repeat=\u201dno-repeat\u201d bg_cws_size=\u201dcover\u201d bg_image_position=\u201dcenter_center\u201d crop=\u201d1\u2033 crop_style=\u201dstyle_2\u2033 css=\u201d.vc_custom_1668009105751{background-image: url(http:\/\/fazendamonasterio.com.br\/wp-content\/uploads\/2022\/02\/bg_740.png?id=6762) !important;}\u201d][vc_column][vc_row_inner][vc_column_inner width=\u201d1\/3\u2033 css=\u201d.vc_custom_1559109188836{padding-right: 50px !important;}\u201d][\/vc_column_inner][vc_column_inner width=\u201d1\/3\u2033][vc_single_image image=\u201d6436\u2033 img_size=\u201dfull\u201d][\/vc_column_inner][vc_column_inner width=\u201d1\/3\u2033 css=\u201d.vc_custom_1559109194740{padding-left: 50px !important;}\u201d][\/vc_column_inner][\/vc_row_inner][\/vc_column][\/vc_row][vc_row full_width=\u201dstretch_row\u201d disable_element=\u201dyes\u201d bg_cws_repeat=\u201dno-repeat\u201d bg_cws_size=\u201dcover\u201d bg_image_position=\u201dcenter_center\u201d crop=\u201d1\u2033 crop_style=\u201dstyle_5\u2033 css=\u201d.vc_custom_1668009121513{margin-top: -90px !important;background: #7d9f3a url(http:\/\/fazendamonasterio.com.br\/wp-content\/uploads\/2022\/02\/bg_350.jpg?id=6764) !important;}\u201d][vc_column][vc_row_inner][vc_column_inner width=\u201d1\/3\u2033][\/vc_column_inner][vc_column_inner width=\u201d1\/3\u2033][\/vc_column_inner][vc_column_inner width=\u201d1\/3\u2033][\/vc_column_inner][\/vc_row_inner][\/vc_column][\/vc_row]<\/p>\n","protected":false},"author":2,"featured_media":0,"parent":0,"menu_order":0,"comment_status":"closed","ping_status":"closed","template":"","meta":{"om_disable_all_campaigns":false,"_monsterinsights_skip_tracking":false,"_monsterinsights_sitenote_active":false,"_monsterinsights_sitenote_note":"","_monsterinsights_sitenote_category":0,"footnotes":""},"jetpack_sharing_enabled":true,"_links":{"self":[{"href":"https:\/\/fazendamonasterio.com.br\/index.php\/wp-json\/wp\/v2\/pages\/4437"}],"collection":[{"href":"https:\/\/fazendamonasterio.com.br\/index.php\/wp-json\/wp\/v2\/pages"}],"about":[{"href":"https:\/\/fazendamonasterio.com.br\/index.php\/wp-json\/wp\/v2\/types\/page"}],"author":[{"embeddable":true,"href":"https:\/\/fazendamonasterio.com.br\/index.php\/wp-json\/wp\/v2\/users\/2"}],"replies":[{"embeddable":true,"href":"https:\/\/fazendamonasterio.com.br\/index.php\/wp-json\/wp\/v2\/comments?post=4437"}],"version-history":[{"count":18,"href":"https:\/\/fazendamonasterio.com.br\/index.php\/wp-json\/wp\/v2\/pages\/4437\/revisions"}],"predecessor-version":[{"id":6958,"href":"https:\/\/fazendamonasterio.com.br\/index.php\/wp-json\/wp\/v2\/pages\/4437\/revisions\/6958"}],"wp:attachment":[{"href":"https:\/\/fazendamonasterio.com.br\/index.php\/wp-json\/wp\/v2\/media?parent=4437"}],"curies":[{"name":"wp","href":"https:\/\/api.w.org\/{rel}","templated":true}]}}